{"id":564,"date":"2020-08-09T20:22:50","date_gmt":"2020-08-09T20:22:50","guid":{"rendered":"https:\/\/cvio-demo.bslthemes.com\/ve1\/?page_id=564"},"modified":"2022-10-28T15:07:09","modified_gmt":"2022-10-28T15:07:09","slug":"contacts-elementor","status":"publish","type":"page","link":"https:\/\/alkey.mx\/?page_id=564","title":{"rendered":"Contacts (Elementor)"},"content":{"rendered":"\t\t<div data-elementor-type=\"wp-page\" data-elementor-id=\"564\" class=\"elementor elementor-564\">\n\t\t\t\t\t\t\t\t\t<section class=\"elementor-section elementor-top-section elementor-element elementor-element-5652bcd elementor-section-full_width elementor-section-height-min-height elementor-section-height-default elementor-section-items-middle\" data-id=\"5652bcd\" data-element_type=\"section\">\n\t\t\t\t\t\t<div class=\"elementor-container elementor-column-gap-no\">\n\t\t\t\t\t<div class=\"elementor-column elementor-col-100 elementor-top-column elementor-element elementor-element-0f5d93e\" data-id=\"0f5d93e\" data-element_type=\"column\">\n\t\t\t<div class=\"elementor-widget-wrap elementor-element-populated\">\n\t\t\t\t\t\t\t\t<div class=\"elementor-element elementor-element-dcca390 elementor-widget elementor-widget-cvio-started-section\" data-id=\"dcca390\" data-element_type=\"widget\" data-widget_type=\"cvio-started-section.default\">\n\t\t\t\t<div class=\"elementor-widget-container\">\n\t\t\t\n\t\t<!-- Section Started -->\n\t\t<div class=\"section started section-title\">\n\n\t\t\t\t\t\t<div class=\"video-bg\">\n\t\t\t\t<div class=\"video-bg-mask\"><\/div>\n\t\t\t\t\t\t\t<\/div>\n\t\t\t\n\t\t\t\n\t\t\t\n\t\t\t\n\t\t\t\n\t\t\t<div class=\"centrize full-width\">\n\t\t\t\t<div class=\"vertical-center\">\n\t\t\t\t\t<div class=\"started-content\">\n\n\t\t\t\t\t\t\n\t\t\t\t\t\t\t\t\t\t\t\t<h1 class=\"h-title\">\n\t\t\t\t\t\t\t<span {{{ view.getRenderAttributeString( 'title' ) }}}>\n\t\t\t\t\t\t\t\tContacto\t\t\t\t\t\t\t<\/span>\n\t\t\t\t\t\t<\/h1>\n\t\t\t\t\t\t\n\t\t\t\t\t\t\n\t\t\t\t\t\t\n\t\t\t\t\t<\/div>\n\t\t\t\t<\/div>\n\t\t\t<\/div>\n\t\t\t<a href=\"#\" class=\"mouse_btn\" style=\"display: none;\"><span class=\"icon fas fa-chevron-down\"><\/span><\/a>\n\t\t<\/div>\n\n\t\t\t\t<\/div>\n\t\t\t\t<\/div>\n\t\t\t\t\t<\/div>\n\t\t<\/div>\n\t\t\t\t\t\t\t<\/div>\n\t\t<\/section>\n\t\t\t\t<section class=\"elementor-section elementor-top-section elementor-element elementor-element-f1c3851 elementor-section-full_width elementor-section-height-default elementor-section-height-default\" data-id=\"f1c3851\" data-element_type=\"section\">\n\t\t\t\t\t\t<div class=\"elementor-container elementor-column-gap-no\">\n\t\t\t\t\t<div class=\"elementor-column elementor-col-100 elementor-top-column elementor-element elementor-element-201eea4\" data-id=\"201eea4\" data-element_type=\"column\">\n\t\t\t<div class=\"elementor-widget-wrap elementor-element-populated\">\n\t\t\t\t\t\t\t\t<div class=\"elementor-element elementor-element-9c1885f elementor-widget elementor-widget-cvio-contacts-info\" data-id=\"9c1885f\" data-element_type=\"widget\" data-widget_type=\"cvio-contacts-info.default\">\n\t\t\t\t<div class=\"elementor-widget-container\">\n\t\t\t\n\t\t<!-- Section Contacts Info -->\n\t\t<div class=\"section contacts\">\n\t\t\t<div class=\"content\">\n\n\t\t\t\t\t\t\t\t<h2 class=\"title\">\n\t\t\t\t\t<div class=\"title_inner\">\n\t\t\t\t\t\t<span >Cont\u00e1ctame<\/span>\n\t\t\t\t\t<\/div>\n\t\t\t\t<\/h2>\n\t\t\t\t\n\t\t\t\t\t\t\t\t<div class=\"service-items\">\n\t\t\t\t\t\t\t\t\t    <div class=\"service-col\">\n\t\t\t\t\t\t<div class=\"service-item content-box\">\n\t\t\t\t\t\t\t\t\t\t\t\t\t\t<div class=\"icon\"><\/div>\n\t\t\t\t\t\t\t\t\t\t\t\t\t\t<div class=\"name\">\n\t\t\t\t\t\t\t\t<span >\n\t\t\t\t\t\t\t\t\tTel\u00e9fono \t\t\t\t\t\t\t\t<\/span>\n\t\t\t\t\t\t\t<\/div>\n\t\t\t\t\t\t\t<div class=\"text single-post-text\">\n\t\t\t\t\t\t\t\t<div >\n\t\t\t\t\t\t\t\t\t<p>33 1119 5909<\/p>\t\t\t\t\t\t\t\t<\/div>\n\t\t\t\t\t\t\t<\/div>\n\t\t\t\t\t\t<\/div>\n\t\t\t\t\t<\/div>\n\t\t\t\t\t\t\t\t\t    <div class=\"service-col\">\n\t\t\t\t\t\t<div class=\"service-item content-box\">\n\t\t\t\t\t\t\t\t\t\t\t\t\t\t<div class=\"icon\"><\/div>\n\t\t\t\t\t\t\t\t\t\t\t\t\t\t<div class=\"name\">\n\t\t\t\t\t\t\t\t<span >\n\t\t\t\t\t\t\t\t\tEmail\t\t\t\t\t\t\t\t<\/span>\n\t\t\t\t\t\t\t<\/div>\n\t\t\t\t\t\t\t<div class=\"text single-post-text\">\n\t\t\t\t\t\t\t\t<div >\n\t\t\t\t\t\t\t\t\t<p>hola@alkey.mx<\/p>\t\t\t\t\t\t\t\t<\/div>\n\t\t\t\t\t\t\t<\/div>\n\t\t\t\t\t\t<\/div>\n\t\t\t\t\t<\/div>\n\t\t\t\t\t\t\t\t\t    <div class=\"service-col\">\n\t\t\t\t\t\t<div class=\"service-item content-box\">\n\t\t\t\t\t\t\t\t\t\t\t\t\t\t<div class=\"icon\"><\/div>\n\t\t\t\t\t\t\t\t\t\t\t\t\t\t<div class=\"name\">\n\t\t\t\t\t\t\t\t<span >\n\t\t\t\t\t\t\t\t\tUbicaci\u00f3n \t\t\t\t\t\t\t\t<\/span>\n\t\t\t\t\t\t\t<\/div>\n\t\t\t\t\t\t\t<div class=\"text single-post-text\">\n\t\t\t\t\t\t\t\t<div >\n\t\t\t\t\t\t\t\t\t<p>IOS OFFICES Andares Corporativo Paseo, Blvd. Puerta de Hierro 5153, Col. Puerta de Hierro, Fracc, P.\u00ba Andares PISO 2, 45116 Zapopan, Jal.<\/p>\t\t\t\t\t\t\t\t<\/div>\n\t\t\t\t\t\t\t<\/div>\n\t\t\t\t\t\t<\/div>\n\t\t\t\t\t<\/div>\n\t\t\t\t\t\t\t\t\t    <div class=\"service-col\">\n\t\t\t\t\t\t<div class=\"service-item content-box\">\n\t\t\t\t\t\t\t\t\t\t\t\t\t\t<div class=\"icon\"><\/div>\n\t\t\t\t\t\t\t\t\t\t\t\t\t\t<div class=\"name\">\n\t\t\t\t\t\t\t\t<span >\n\t\t\t\t\t\t\t\t\tFreelance\t\t\t\t\t\t\t\t<\/span>\n\t\t\t\t\t\t\t<\/div>\n\t\t\t\t\t\t\t<div class=\"text single-post-text\">\n\t\t\t\t\t\t\t\t<div >\n\t\t\t\t\t\t\t\t\t<p>Estoy disponible<\/p>\t\t\t\t\t\t\t\t<\/div>\n\t\t\t\t\t\t\t<\/div>\n\t\t\t\t\t\t<\/div>\n\t\t\t\t\t<\/div>\n\t\t\t\t\t\t\t\t\t<\/div>\n\t\t\t\t\n\t\t\t\t<div class=\"clear\"><\/div>\n\t\t\t<\/div>\n\t\t<\/div>\n\n\t\t\t\t<\/div>\n\t\t\t\t<\/div>\n\t\t\t\t\t<\/div>\n\t\t<\/div>\n\t\t\t\t\t\t\t<\/div>\n\t\t<\/section>\n\t\t\t\t<section class=\"elementor-section elementor-top-section elementor-element elementor-element-f5f2051 elementor-section-full_width elementor-section-height-default elementor-section-height-default\" data-id=\"f5f2051\" data-element_type=\"section\">\n\t\t\t\t\t\t<div class=\"elementor-container elementor-column-gap-no\">\n\t\t\t\t\t<div class=\"elementor-column elementor-col-100 elementor-top-column elementor-element elementor-element-44dc485\" data-id=\"44dc485\" data-element_type=\"column\">\n\t\t\t<div class=\"elementor-widget-wrap elementor-element-populated\">\n\t\t\t\t\t\t\t\t<div class=\"elementor-element elementor-element-a7753ab elementor-widget elementor-widget-cvio-contacts-form\" data-id=\"a7753ab\" data-element_type=\"widget\" data-widget_type=\"cvio-contacts-form.default\">\n\t\t\t\t<div class=\"elementor-widget-container\">\n\t\t\t\n\t\t<!-- Section Contacts Form -->\n\t\t<div class=\"section contacts\">\n\t\t\t<div class=\"content\">\n\n\t\t\t\t\t\t\t\t<h2 class=\"title\">\n\t\t\t\t\t<div class=\"title_inner\">\n\t\t\t\t\t\t<span >\u00bfQu\u00e9 esperas para llevar tu negocio al mundo digital?<\/span>\n\t\t\t\t\t<\/div>\n\t\t\t\t<\/h2>\n\t\t\t\t\n\t\t\t\t\t\t\t\t<!-- contact form -->\n\t\t\t\t<div class=\"contact_form content-box\">\n\t\t\t\t\t<div role=\"form\" class=\"wpcf7\" id=\"wpcf7-f479-o1\" lang=\"en-US\" dir=\"ltr\">\n<div class=\"screen-reader-response\"><p role=\"status\" aria-live=\"polite\" aria-atomic=\"true\"><\/p> <ul><\/ul><\/div>\n<form action=\"\/index.php?rest_route=%2Fwp%2Fv2%2Fpages%2F564#wpcf7-f479-o1\" method=\"post\" class=\"wpcf7-form init\" novalidate=\"novalidate\" data-status=\"init\">\n<div style=\"display: none;\">\n<input type=\"hidden\" name=\"_wpcf7\" value=\"479\" \/>\n<input type=\"hidden\" name=\"_wpcf7_version\" value=\"5.6.3\" \/>\n<input type=\"hidden\" name=\"_wpcf7_locale\" value=\"en_US\" \/>\n<input type=\"hidden\" name=\"_wpcf7_unit_tag\" value=\"wpcf7-f479-o1\" \/>\n<input type=\"hidden\" name=\"_wpcf7_container_post\" value=\"0\" \/>\n<input type=\"hidden\" name=\"_wpcf7_posted_data_hash\" value=\"\" \/>\n<\/div>\n<div class=\"group-val\">\n    <span class=\"wpcf7-form-control-wrap\" data-name=\"your-name\"><input type=\"text\" name=\"your-name\" value=\"\" size=\"40\" class=\"wpcf7-form-control wpcf7-text wpcf7-validates-as-required\" aria-required=\"true\" aria-invalid=\"false\" placeholder=\"Name\" \/><\/span>\n<\/div>\n<div class=\"group-val\">\n    <span class=\"wpcf7-form-control-wrap\" data-name=\"your-email\"><input type=\"email\" name=\"your-email\" value=\"\" size=\"40\" class=\"wpcf7-form-control wpcf7-text wpcf7-email wpcf7-validates-as-required wpcf7-validates-as-email\" aria-required=\"true\" aria-invalid=\"false\" placeholder=\"Email\" \/><\/span>\n<\/div>\n<div class=\"group-val\">\n    <span class=\"wpcf7-form-control-wrap\" data-name=\"your-message\"><textarea name=\"your-message\" cols=\"40\" rows=\"10\" class=\"wpcf7-form-control wpcf7-textarea wpcf7-validates-as-required\" aria-required=\"true\" aria-invalid=\"false\" placeholder=\"Message\"><\/textarea><\/span>\n<\/div>\n<div class=\"group-bts\">\n    <button type=\"submit\" class=\"btn hover-animated\"><span class=\"circle\"><\/span><span class=\"lnk\">Send Message<\/span><\/button>\n<\/div>\n<div class=\"wpcf7-response-output\" aria-hidden=\"true\"><\/div><\/form><\/div>\t\t\t\t<\/div>\n\t\t\t\t\n\t\t\t\t<div class=\"clear\"><\/div>\n\t\t\t<\/div>\n\t\t<\/div>\n\n\t\t\t\t<\/div>\n\t\t\t\t<\/div>\n\t\t\t\t\t<\/div>\n\t\t<\/div>\n\t\t\t\t\t\t\t<\/div>\n\t\t<\/section>\n\t\t\t\t\t\t\t<\/div>\n\t\t","protected":false},"excerpt":{"rendered":"<p>Contacto Cont\u00e1ctame Tel\u00e9fono 33 1119 5909 Email hola@alkey.mx Ubicaci\u00f3n IOS OFFICES Andares Corporativo Paseo, Blvd. Puerta de Hierro 5153, Col. Puerta de Hierro, Fracc, P.\u00ba&#8230;<\/p>\n","protected":false},"author":1,"featured_media":0,"parent":0,"menu_order":0,"comment_status":"closed","ping_status":"closed","template":"template-elementor-builder.php","meta":{"om_disable_all_campaigns":false,"_monsterinsights_skip_tracking":false,"_monsterinsights_sitenote_active":false,"_monsterinsights_sitenote_note":"","_monsterinsights_sitenote_category":0},"acf":[],"aioseo_notices":[],"_links":{"self":[{"href":"https:\/\/alkey.mx\/index.php?rest_route=\/wp\/v2\/pages\/564"}],"collection":[{"href":"https:\/\/alkey.mx\/index.php?rest_route=\/wp\/v2\/pages"}],"about":[{"href":"https:\/\/alkey.mx\/index.php?rest_route=\/wp\/v2\/types\/page"}],"author":[{"embeddable":true,"href":"https:\/\/alkey.mx\/index.php?rest_route=\/wp\/v2\/users\/1"}],"replies":[{"embeddable":true,"href":"https:\/\/alkey.mx\/index.php?rest_route=%2Fwp%2Fv2%2Fcomments&post=564"}],"version-history":[{"count":6,"href":"https:\/\/alkey.mx\/index.php?rest_route=\/wp\/v2\/pages\/564\/revisions"}],"predecessor-version":[{"id":1043,"href":"https:\/\/alkey.mx\/index.php?rest_route=\/wp\/v2\/pages\/564\/revisions\/1043"}],"wp:attachment":[{"href":"https:\/\/alkey.mx\/index.php?rest_route=%2Fwp%2Fv2%2Fmedia&parent=564"}],"curies":[{"name":"wp","href":"https:\/\/api.w.org\/{rel}","templated":true}]}}